{"id":7042,"date":"2015-06-15T12:54:22","date_gmt":"2015-06-15T11:54:22","guid":{"rendered":"http:\/\/elektrozine.be\/?page_id=7042&#038;lang=fr"},"modified":"2016-01-13T16:49:40","modified_gmt":"2016-01-13T15:49:40","slug":"action-cam","status":"publish","type":"page","link":"https:\/\/elektrozine.be\/fr\/action-cam\/","title":{"rendered":"Action cam"},"content":{"rendered":"<h1>A quoi faut-il veiller lors de l\u2019achat d\u2019une action cam?<\/h1>\n<p><img loading=\"lazy\" decoding=\"async\" class=\"aligncenter size-large wp-image-3203 ml-lightbox-enabled\" src=\"http:\/\/elektrozine.be\/wp-content\/uploads\/2015\/06\/FDR-X1000V-1024x683.jpg\" alt=\"action cam\" width=\"1024\" height=\"683\" \/><\/p>\n<p>Une action cam ne s\u2019ach\u00e8te pas sans r\u00e9fl\u00e9chir. Qui souhaite filmer ses performances sportives et ses aventures tiendra compte des fonctions et caract\u00e9ristiques n\u00e9cessaires pour \u00eatre s\u00fbr d\u2019immortaliser ses exploits.<\/p>\n<p>Les action cams ont connu une progression remarquable au cours des ann\u00e9es \u00e9coul\u00e9es. Aujourd\u2019hui, elles se d\u00e9clinent dans toute une palette de coloris et de formes pour tous les go\u00fbts, chacune avec ses caract\u00e9ristiques propres. Il est toutefois conseill\u00e9 de dresser la liste des points \u00e0 prendre en compte pour choisir une action cam adapt\u00e9e.<\/p>\n<h2>1. Poids &#038; taille<\/h2>\n<p>Comme chaque fabricant a ses propres id\u00e9es quant \u00e0 l\u2019aspect que doit avoir une action cam, le nombre de designs diff\u00e9rents commercialis\u00e9s est cons\u00e9quent. Ces designs correspondent \u00e9videmment \u00e0 des tailles et des poids diff\u00e9rents.<\/p>\n<p>\u00c9tant donn\u00e9 que votre action cam sera probablement install\u00e9e la plupart du temps sur votre v\u00e9lo, casque, sac \u00e0 dos, etc., sa compacit\u00e9 et son poids sont importants. Vous ne souhaitez \u00e9videmment pas que votre cam g\u00eane vos mouvements ou se traduise par un poids suppl\u00e9mentaire excessif.<\/p>\n<h2>2. Durabilit\u00e9<\/h2>\n<p>L\u2019une des caract\u00e9ristiques-cl\u00e9s d\u2019une action cam est sa r\u00e9sistance aux facteurs externes comme l\u2019eau, les salet\u00e9s et les chocs. Il va de soi qu\u2019une action cam qui tombe en panne en un rien de temps ne vous est d&#8217;aucune aide.<\/p>\n<p>Certaines action cams sont totalement \u00e9tanches \u00e0 l\u2019eau, d\u2019autres ne r\u00e9sistent qu\u2019aux \u00e9claboussures d\u2019eau. Une caract\u00e9ristique \u00e0 consid\u00e9rer au moment de choisir une action cam, bien que pratiquement tous les fabricants proposent aussi des bo\u00eetiers \u00e9tanches \u00e0 l&#8217;eau en option pour leurs appareils.<\/p>\n<p>Il vaut donc mieux d\u00e9cider au pr\u00e9alable ce pour quoi vous utiliserez l\u2019appareil. Si vous comptez l\u2019utiliser en \u00e9t\u00e9 surtout pour le VTT, un appareil \u00e9tanche \u00e0 l\u2019eau est superflu. En revanche, il s\u2019impose si vous envisagez de pratiquer du kayak ou m\u00eame de filmer sous eau.<\/p>\n<h2>3. R\u00e9solution &#038; qualit\u00e9 d&#8217;image<\/h2>\n<p>Comme la r\u00e9solution et la qualit\u00e9 d\u2019image varient fortement d\u2019une action cam \u00e0 l\u2019autre, mieux vaut \u00e9galement d\u00e9finir au pr\u00e9alable vos besoins en la mati\u00e8re.<\/p>\n<p>Toutes les action cams prennent en charge une r\u00e9solution d\u2019au moins 720p et la plupart permettent aussi de capturer des images Full HD. D\u2019autres encore vont plus loin et prennent en charge \u00e9galement 4K. Il va de soi que la r\u00e9solution est un facteur capital pour la qualit\u00e9 d\u2019image, mais aussi pour le prix. Un mod\u00e8le 4K se paie facilement au moins 100 euros de plus qu\u2019un appareil Full HD. Si vous ne poss\u00e9dez pas de t\u00e9l\u00e9viseur Ultra HD (ou que vous ne comptez pas en acqu\u00e9rir un rapidement), mieux vaut opter pour les appareils Full HD moins chers, qui g\u00e9n\u00e9ralement s\u2019accompagnent d\u2019une excellente qualit\u00e9 d\u2019image.<\/p>\n<h2>4. Field of view<\/h2>\n<p>Toutes les action cams ont un grand-angle et capturent des images en perspective grand-angle. La plupart des appareils ont un angle de vision de 160\u00b0, mais ceux dot\u00e9s d\u2019un angle de 170\u00b0 ne sont pas rares. Ces 10 degr\u00e9s de plus ont leur importance. Le co\u00fbt suppl\u00e9mentaire est donc justifi\u00e9. <\/p>\n<h2>5. Option photos<\/h2>\n<p>Pratiquement toutes les action cams permettent de prendre des photos en plus de filmer. Si vous pr\u00e9voyez de prendre un grand nombre de photos, ne vous attendez pas \u00e0 des r\u00e9sultats sup\u00e9rieurs. La qualit\u00e9 photo des action cams plus ch\u00e8res est certainement satisfaisante, mais si vous attachez une grande importance \u00e0 de bonnes photos, nous vous recommandons toutefois un appareil photo compact avec bo\u00eetier robuste.<\/p>\n<h2>6. Supports &#038; accessoires<\/h2>\n<p>Comme nous l\u2019avons d\u00e9j\u00e0 dit : pratiquement chaque fabricant propose diff\u00e9rents accessoires, mais aussi des supports pour ses appareils. Les deux sont tr\u00e8s importants au moment de choisir votre action cam. Conna\u00eetre au pr\u00e9alable le type d\u2019activit\u00e9s que vous allez pratiquer le plus souvent est \u00e9videmment d\u00e9cisif pour d\u00e9finir les accessoires dont vous aurez besoin. Les v\u00e9t\u00e9tistes choisiront un support au guidon ou au casque, les skieurs opteront pour un support \u00e0 la poitrine ou au casque le cas \u00e9ch\u00e9ant.<\/p>\n<p>Quelques cams sont fournies de s\u00e9rie avec des accessoires en nombre limit\u00e9, dans le cas d&#8217;autres cams, il vous faut les acheter s\u00e9par\u00e9ment. Un facteur qui est donc \u00e0 prendre en compte.<\/p>\n<h2>7. Batterie<\/h2>\n<p>Une action cam dont la batterie se trouve \u00e0 plat avant m\u00eame d\u2019\u00eatre bien parti ne vous est d\u2019aucune aide. Il est d\u00e8s lors important de v\u00e9rifier l\u2019autonomie de votre action cam avant de partir et d\u2019acqu\u00e9rir des batteries suppl\u00e9mentaires si l\u2019autonomie de batterie de l\u2019appareil de votre choix s\u2019av\u00e8re limit\u00e9e. <\/p>\n<p>Il va de soi qu\u2019il vaut mieux choisir une action cam dont l\u2019autonomie de batterie atteint quelques heures si vous envisagez de longues randonn\u00e9es, ce qui est superflu si vous vous contentez de sessions de course d\u2019une demi-heure.<\/p>\n<h2>8. Connectivit\u00e9 Wifi<\/h2>\n<p>Pour partager ais\u00e9ment des vid\u00e9os avec votre famille et vos amis ou les charger directement sur les m\u00e9dias sociaux, il vous faut un appareil qui prenne Wifi en charge. Certains mod\u00e8les dot\u00e9s de Wifi peuvent \u00e9galement se commander depuis votre smartphone.<\/p>\n","protected":false},"excerpt":{"rendered":"<p>A quoi faut-il veiller lors de l\u2019achat d\u2019une action cam? Une action cam ne s\u2019ach\u00e8te pas sans r\u00e9fl\u00e9chir. Qui souhaite filmer ses performances sportives et ses aventures tiendra compte des fonctions et caract\u00e9ristiques n\u00e9cessaires pour \u00eatre s\u00fbr d\u2019immortaliser ses exploits. Les action cams ont connu une progression remarquable au cours des ann\u00e9es \u00e9coul\u00e9es. Aujourd\u2019hui, elles [&hellip;]<\/p>\n","protected":false},"author":5,"featured_media":7044,"parent":0,"menu_order":0,"comment_status":"open","ping_status":"open","template":"","meta":{"tdm_status":"","tdm_grid_status":"","footnotes":""},"class_list":["post-7042","page","type-page","status-publish","has-post-thumbnail"],"yoast_head":"<!-- This site is optimized with the Yoast SEO plugin v26.2 - https:\/\/yoast.com\/wordpress\/plugins\/seo\/ -->\n<title>Action cam - elektrozine.be<\/title>\n<meta name=\"robots\" content=\"index, follow, max-snippet:-1, max-image-preview:large, max-video-preview:-1\" \/>\n<link rel=\"canonical\" href=\"https:\/\/elektrozine.be\/fr\/action-cam\/\" \/>\n<meta property=\"og:locale\" content=\"fr_FR\" \/>\n<meta property=\"og:type\" content=\"article\" \/>\n<meta property=\"og:title\" content=\"Action cam - elektrozine.be\" \/>\n<meta property=\"og:description\" content=\"A quoi faut-il veiller lors de l\u2019achat d\u2019une action cam? Une action cam ne s\u2019ach\u00e8te pas sans r\u00e9fl\u00e9chir. Qui souhaite filmer ses performances sportives et ses aventures tiendra compte des fonctions et caract\u00e9ristiques n\u00e9cessaires pour \u00eatre s\u00fbr d\u2019immortaliser ses exploits. Les action cams ont connu une progression remarquable au cours des ann\u00e9es \u00e9coul\u00e9es. Aujourd\u2019hui, elles [&hellip;]\" \/>\n<meta property=\"og:url\" content=\"https:\/\/elektrozine.be\/fr\/action-cam\/\" \/>\n<meta property=\"og:site_name\" content=\"elektrozine.be\" \/>\n<meta property=\"article:publisher\" content=\"https:\/\/www.facebook.com\/elektrozine\/\" \/>\n<meta property=\"article:modified_time\" content=\"2016-01-13T15:49:40+00:00\" \/>\n<meta property=\"og:image\" content=\"https:\/\/elektrozine.be\/wp-content\/uploads\/2015\/06\/FDR-X1000V-1024x683.jpg\" \/>\n\t<meta property=\"og:image:width\" content=\"1024\" \/>\n\t<meta property=\"og:image:height\" content=\"683\" \/>\n\t<meta property=\"og:image:type\" content=\"image\/jpeg\" \/>\n<meta name=\"twitter:card\" content=\"summary_large_image\" \/>\n<meta name=\"twitter:site\" content=\"@elektrozine\" \/>\n<meta name=\"twitter:label1\" content=\"Est. reading time\" \/>\n\t<meta name=\"twitter:data1\" content=\"5 minutes\" \/>\n<script type=\"application\/ld+json\" class=\"yoast-schema-graph\">{\"@context\":\"https:\/\/schema.org\",\"@graph\":[{\"@type\":\"WebPage\",\"@id\":\"https:\/\/elektrozine.be\/fr\/action-cam\/\",\"url\":\"https:\/\/elektrozine.be\/fr\/action-cam\/\",\"name\":\"Action cam - elektrozine.be\",\"isPartOf\":{\"@id\":\"https:\/\/elektrozine.be\/#website\"},\"primaryImageOfPage\":{\"@id\":\"https:\/\/elektrozine.be\/fr\/action-cam\/#primaryimage\"},\"image\":{\"@id\":\"https:\/\/elektrozine.be\/fr\/action-cam\/#primaryimage\"},\"thumbnailUrl\":\"https:\/\/elektrozine.be\/wp-content\/uploads\/2015\/06\/FDR-X1000V.jpg\",\"datePublished\":\"2015-06-15T11:54:22+00:00\",\"dateModified\":\"2016-01-13T15:49:40+00:00\",\"breadcrumb\":{\"@id\":\"https:\/\/elektrozine.be\/fr\/action-cam\/#breadcrumb\"},\"inLanguage\":\"fr-fr\",\"potentialAction\":[{\"@type\":\"ReadAction\",\"target\":[\"https:\/\/elektrozine.be\/fr\/action-cam\/\"]}]},{\"@type\":\"ImageObject\",\"inLanguage\":\"fr-fr\",\"@id\":\"https:\/\/elektrozine.be\/fr\/action-cam\/#primaryimage\",\"url\":\"https:\/\/elektrozine.be\/wp-content\/uploads\/2015\/06\/FDR-X1000V.jpg\",\"contentUrl\":\"https:\/\/elektrozine.be\/wp-content\/uploads\/2015\/06\/FDR-X1000V.jpg\",\"width\":5760,\"height\":3840},{\"@type\":\"BreadcrumbList\",\"@id\":\"https:\/\/elektrozine.be\/fr\/action-cam\/#breadcrumb\",\"itemListElement\":[{\"@type\":\"ListItem\",\"position\":1,\"name\":\"Home\",\"item\":\"https:\/\/elektrozine.be\/fr\/\"},{\"@type\":\"ListItem\",\"position\":2,\"name\":\"Action cam\"}]},{\"@type\":\"WebSite\",\"@id\":\"https:\/\/elektrozine.be\/#website\",\"url\":\"https:\/\/elektrozine.be\/\",\"name\":\"elektrozine.be\",\"description\":\"All the stuff you need\",\"potentialAction\":[{\"@type\":\"SearchAction\",\"target\":{\"@type\":\"EntryPoint\",\"urlTemplate\":\"https:\/\/elektrozine.be\/?s={search_term_string}\"},\"query-input\":{\"@type\":\"PropertyValueSpecification\",\"valueRequired\":true,\"valueName\":\"search_term_string\"}}],\"inLanguage\":\"fr-fr\"}]}<\/script>\n<!-- \/ Yoast SEO plugin. -->","yoast_head_json":{"title":"Action cam - elektrozine.be","robots":{"index":"index","follow":"follow","max-snippet":"max-snippet:-1","max-image-preview":"max-image-preview:large","max-video-preview":"max-video-preview:-1"},"canonical":"https:\/\/elektrozine.be\/fr\/action-cam\/","og_locale":"fr_FR","og_type":"article","og_title":"Action cam - elektrozine.be","og_description":"A quoi faut-il veiller lors de l\u2019achat d\u2019une action cam? Une action cam ne s\u2019ach\u00e8te pas sans r\u00e9fl\u00e9chir. Qui souhaite filmer ses performances sportives et ses aventures tiendra compte des fonctions et caract\u00e9ristiques n\u00e9cessaires pour \u00eatre s\u00fbr d\u2019immortaliser ses exploits. Les action cams ont connu une progression remarquable au cours des ann\u00e9es \u00e9coul\u00e9es. Aujourd\u2019hui, elles [&hellip;]","og_url":"https:\/\/elektrozine.be\/fr\/action-cam\/","og_site_name":"elektrozine.be","article_publisher":"https:\/\/www.facebook.com\/elektrozine\/","article_modified_time":"2016-01-13T15:49:40+00:00","og_image":[{"width":1024,"height":683,"url":"https:\/\/elektrozine.be\/wp-content\/uploads\/2015\/06\/FDR-X1000V-1024x683.jpg","type":"image\/jpeg"}],"twitter_card":"summary_large_image","twitter_site":"@elektrozine","twitter_misc":{"Est. reading time":"5 minutes"},"schema":{"@context":"https:\/\/schema.org","@graph":[{"@type":"WebPage","@id":"https:\/\/elektrozine.be\/fr\/action-cam\/","url":"https:\/\/elektrozine.be\/fr\/action-cam\/","name":"Action cam - elektrozine.be","isPartOf":{"@id":"https:\/\/elektrozine.be\/#website"},"primaryImageOfPage":{"@id":"https:\/\/elektrozine.be\/fr\/action-cam\/#primaryimage"},"image":{"@id":"https:\/\/elektrozine.be\/fr\/action-cam\/#primaryimage"},"thumbnailUrl":"https:\/\/elektrozine.be\/wp-content\/uploads\/2015\/06\/FDR-X1000V.jpg","datePublished":"2015-06-15T11:54:22+00:00","dateModified":"2016-01-13T15:49:40+00:00","breadcrumb":{"@id":"https:\/\/elektrozine.be\/fr\/action-cam\/#breadcrumb"},"inLanguage":"fr-fr","potentialAction":[{"@type":"ReadAction","target":["https:\/\/elektrozine.be\/fr\/action-cam\/"]}]},{"@type":"ImageObject","inLanguage":"fr-fr","@id":"https:\/\/elektrozine.be\/fr\/action-cam\/#primaryimage","url":"https:\/\/elektrozine.be\/wp-content\/uploads\/2015\/06\/FDR-X1000V.jpg","contentUrl":"https:\/\/elektrozine.be\/wp-content\/uploads\/2015\/06\/FDR-X1000V.jpg","width":5760,"height":3840},{"@type":"BreadcrumbList","@id":"https:\/\/elektrozine.be\/fr\/action-cam\/#breadcrumb","itemListElement":[{"@type":"ListItem","position":1,"name":"Home","item":"https:\/\/elektrozine.be\/fr\/"},{"@type":"ListItem","position":2,"name":"Action cam"}]},{"@type":"WebSite","@id":"https:\/\/elektrozine.be\/#website","url":"https:\/\/elektrozine.be\/","name":"elektrozine.be","description":"All the stuff you need","potentialAction":[{"@type":"SearchAction","target":{"@type":"EntryPoint","urlTemplate":"https:\/\/elektrozine.be\/?s={search_term_string}"},"query-input":{"@type":"PropertyValueSpecification","valueRequired":true,"valueName":"search_term_string"}}],"inLanguage":"fr-fr"}]}},"_links":{"self":[{"href":"https:\/\/elektrozine.be\/fr\/wp-json\/wp\/v2\/pages\/7042\/"}],"collection":[{"href":"https:\/\/elektrozine.be\/fr\/wp-json\/wp\/v2\/pages\/"}],"about":[{"href":"https:\/\/elektrozine.be\/fr\/wp-json\/wp\/v2\/types\/page\/"}],"author":[{"embeddable":true,"href":"https:\/\/elektrozine.be\/fr\/wp-json\/wp\/v2\/users\/5\/"}],"replies":[{"embeddable":true,"href":"https:\/\/elektrozine.be\/fr\/wp-json\/wp\/v2\/comments\/?post=7042"}],"version-history":[{"count":1,"href":"https:\/\/elektrozine.be\/fr\/wp-json\/wp\/v2\/pages\/7042\/revisions\/"}],"predecessor-version":[{"id":7043,"href":"https:\/\/elektrozine.be\/fr\/wp-json\/wp\/v2\/pages\/7042\/revisions\/7043\/"}],"wp:featuredmedia":[{"embeddable":true,"href":"https:\/\/elektrozine.be\/fr\/wp-json\/wp\/v2\/media\/7044\/"}],"wp:attachment":[{"href":"https:\/\/elektrozine.be\/fr\/wp-json\/wp\/v2\/media\/?parent=7042"}],"curies":[{"name":"wp","href":"https:\/\/api.w.org\/{rel}","templated":true}]}}